{"id":10,"date":"2023-10-10T00:19:29","date_gmt":"2023-10-10T00:19:29","guid":{"rendered":"https:\/\/gestionprocb.ca\/?page_id=10"},"modified":"2026-01-13T23:12:20","modified_gmt":"2026-01-13T23:12:20","slug":"accueil","status":"publish","type":"page","link":"https:\/\/gestionprocb.ca\/","title":{"rendered":"Accueil"},"content":{"rendered":"\n<p>Chez Gestion Pro CB, nous vous offrons la tenue de livre comptable ainsi que des services informatiques et de s\u00e9curit\u00e9. Notre \u00e9quipe oeuvre dans le domaine depuis plus de 25 ans.<\/p>\n\n\n\n<figure class=\"wp-block-image size-full\"><img decoding=\"async\" src=\"https:\/\/gestionprocb.ca\/wp-content\/uploads\/2023\/10\/Accounting-and-Computer-Related-Design.mp4\" alt=\"\" class=\"wp-image-88\"\/><\/figure>\n","protected":false},"excerpt":{"rendered":"<p>Chez Gestion Pro CB, nous vous offrons la tenue de livre comptable ainsi que des services informatiques et de s\u00e9curit\u00e9. Notre \u00e9quipe oeuvre dans le domaine depuis plus de 25 ans.<\/p>\n","protected":false},"author":1,"featured_media":0,"parent":0,"menu_order":0,"comment_status":"closed","ping_status":"closed","template":"","meta":{"footnotes":""},"class_list":["post-10","page","type-page","status-publish","hentry"],"_links":{"self":[{"href":"https:\/\/gestionprocb.ca\/index.php\/wp-json\/wp\/v2\/pages\/10","targetHints":{"allow":["GET"]}}],"collection":[{"href":"https:\/\/gestionprocb.ca\/index.php\/wp-json\/wp\/v2\/pages"}],"about":[{"href":"https:\/\/gestionprocb.ca\/index.php\/wp-json\/wp\/v2\/types\/page"}],"author":[{"embeddable":true,"href":"https:\/\/gestionprocb.ca\/index.php\/wp-json\/wp\/v2\/users\/1"}],"replies":[{"embeddable":true,"href":"https:\/\/gestionprocb.ca\/index.php\/wp-json\/wp\/v2\/comments?post=10"}],"version-history":[{"count":6,"href":"https:\/\/gestionprocb.ca\/index.php\/wp-json\/wp\/v2\/pages\/10\/revisions"}],"predecessor-version":[{"id":103,"href":"https:\/\/gestionprocb.ca\/index.php\/wp-json\/wp\/v2\/pages\/10\/revisions\/103"}],"wp:attachment":[{"href":"https:\/\/gestionprocb.ca\/index.php\/wp-json\/wp\/v2\/media?parent=10"}],"curies":[{"name":"wp","href":"https:\/\/api.w.org\/{rel}","templated":true}]}}